{"id":8815,"date":"2021-07-23T11:17:16","date_gmt":"2021-07-23T11:17:16","guid":{"rendered":"https:\/\/bridge482.qodeinteractive.com\/?page_id=8815"},"modified":"2026-03-26T17:31:39","modified_gmt":"2026-03-26T17:31:39","slug":"about-us-transparent-menu","status":"publish","type":"page","link":"https:\/\/grupolainmaculada.com\/index.php\/about-us-transparent-menu\/","title":{"rendered":"Nuestro Prop\u00f3sito"},"content":{"rendered":"\t\t<div data-elementor-type=\"wp-page\" data-elementor-id=\"8815\" class=\"elementor elementor-8815\">\n\t\t\t\t\t\t<section class=\"elementor-section elementor-top-section elementor-element elementor-element-0adb477 elementor-section-full_width qode_elementor_container_inner elementor-section-height-default elementor-section-height-default parallax_section_no\" data-id=\"0adb477\" data-element_type=\"section\" data-e-type=\"section\">\n\t\t\t\t\t\t<div class=\"elementor-container elementor-column-gap-default\">\n\t\t\t\t\t<div class=\"elementor-column elementor-col-100 elementor-top-column elementor-element elementor-element-ca7ab9f\" data-id=\"ca7ab9f\" data-element_type=\"column\" data-e-type=\"column\">\n\t\t\t<div class=\"elementor-widget-wrap elementor-element-populated\">\n\t\t\t\t\t\t<div class=\"elementor-element elementor-element-3b6d894 elementor-widget elementor-widget-text-editor\" data-id=\"3b6d894\" data-element_type=\"widget\" data-e-type=\"widget\" data-widget_type=\"text-editor.default\">\n\t\t\t\t\t\t\t\t\t<div class=\"wpb_text_column wpb_content_element \"><div class=\"wpb_wrapper\"><h2>NUESTRO PROP\u00d3SITO<\/h2><\/div><\/div>\t\t\t\t\t\t\t\t<\/div>\n\t\t\t\t<div class=\"elementor-element elementor-element-efb94ec elementor-widget-divider--view-line elementor-widget elementor-widget-divider\" data-id=\"efb94ec\" data-element_type=\"widget\" data-e-type=\"widget\" data-widget_type=\"divider.default\">\n\t\t\t\t\t\t\t<div class=\"elementor-divider\">\n\t\t\t<span class=\"elementor-divider-separator\">\n\t\t\t\t\t\t<\/span>\n\t\t<\/div>\n\t\t\t\t\t\t<\/div>\n\t\t\t\t<section class=\"elementor-section elementor-inner-section elementor-element elementor-element-adb134b elementor-section-full_width elementor-section-height-default elementor-section-height-default parallax_section_no qode_elementor_container_no\" data-id=\"adb134b\" data-element_type=\"section\" data-e-type=\"section\">\n\t\t\t\t\t\t<div class=\"elementor-container elementor-column-gap-default\">\n\t\t\t\t\t<div class=\"elementor-column elementor-col-100 elementor-inner-column elementor-element elementor-element-b867801\" data-id=\"b867801\" data-element_type=\"column\" data-e-type=\"column\">\n\t\t\t<div class=\"elementor-widget-wrap elementor-element-populated\">\n\t\t\t\t\t\t<div class=\"elementor-element elementor-element-cd9c4ce elementor-widget elementor-widget-spacer\" data-id=\"cd9c4ce\" data-element_type=\"widget\" data-e-type=\"widget\" data-widget_type=\"spacer.default\">\n\t\t\t\t\t\t\t<div class=\"elementor-spacer\">\n\t\t\t<div class=\"elementor-spacer-inner\"><\/div>\n\t\t<\/div>\n\t\t\t\t\t\t<\/div>\n\t\t\t\t<div class=\"elementor-element elementor-element-45b7336 elementor-widget elementor-widget-text-editor\" data-id=\"45b7336\" data-element_type=\"widget\" data-e-type=\"widget\" data-widget_type=\"text-editor.default\">\n\t\t\t\t\t\t\t\t\t<h4 style=\"text-align: center;\">Servimos con <strong>gratitud,<\/strong> brindamos <strong>experiencias genuinas<\/strong> a trav\u00e9s de nuestros colaboradores,<\/h4><h4 style=\"text-align: center;\">reflejando con orgullo la identidad que nos une con nuestra comunidad.<\/h4>\t\t\t\t\t\t\t\t<\/div>\n\t\t\t\t\t<\/div>\n\t\t<\/div>\n\t\t\t\t\t<\/div>\n\t\t<\/section>\n\t\t\t\t\t<\/div>\n\t\t<\/div>\n\t\t\t\t\t<\/div>\n\t\t<\/section>\n\t\t<div class=\"elementor-element elementor-element-24682b8 e-flex e-con-boxed parallax_section_no qode_elementor_container_no e-con e-parent\" data-id=\"24682b8\" data-element_type=\"container\" data-e-type=\"container\">\n\t\t\t\t\t<div class=\"e-con-inner\">\n\t\t<div class=\"elementor-element elementor-element-a7e090c e-con-full e-flex parallax_section_no qode_elementor_container_no e-con e-child\" data-id=\"a7e090c\" data-element_type=\"container\" data-e-type=\"container\">\n\t\t\t\t<div class=\"elementor-element elementor-element-606ca2f elementor-widget elementor-widget-image\" data-id=\"606ca2f\" data-element_type=\"widget\" data-e-type=\"widget\" data-widget_type=\"image.default\">\n\t\t\t\t\t\t\t\t\t\t\t\t\t\t\t<img fetchpriority=\"high\" decoding=\"async\" width=\"600\" height=\"800\" src=\"https:\/\/grupolainmaculada.com\/wp-content\/uploads\/2026\/01\/grupal-600x800.png\" class=\"attachment-portfolio-portrait size-portfolio-portrait wp-image-10456\" alt=\"\" \/>\t\t\t\t\t\t\t\t\t\t\t\t\t\t\t<\/div>\n\t\t\t\t<\/div>\n\t\t<div class=\"elementor-element elementor-element-bf01fa7 e-con-full e-flex parallax_section_no qode_elementor_container_no e-con e-child\" data-id=\"bf01fa7\" data-element_type=\"container\" data-e-type=\"container\">\n\t\t\t\t<div class=\"elementor-element elementor-element-63275bf elementor-widget elementor-widget-image\" data-id=\"63275bf\" data-element_type=\"widget\" data-e-type=\"widget\" data-widget_type=\"image.default\">\n\t\t\t\t\t\t\t\t\t\t\t\t\t\t\t<img decoding=\"async\" width=\"600\" height=\"800\" src=\"https:\/\/grupolainmaculada.com\/wp-content\/uploads\/2025\/11\/FLor-cafe-600x800.png\" class=\"attachment-portfolio-portrait size-portfolio-portrait wp-image-10103\" alt=\"\" srcset=\"https:\/\/grupolainmaculada.com\/wp-content\/uploads\/2025\/11\/FLor-cafe-600x800.png 600w, https:\/\/grupolainmaculada.com\/wp-content\/uploads\/2025\/11\/FLor-cafe-225x300.png 225w, https:\/\/grupolainmaculada.com\/wp-content\/uploads\/2025\/11\/FLor-cafe-768x1024.png 768w, https:\/\/grupolainmaculada.com\/wp-content\/uploads\/2025\/11\/FLor-cafe-1152x1536.png 1152w, https:\/\/grupolainmaculada.com\/wp-content\/uploads\/2025\/11\/FLor-cafe-1536x2048.png 1536w, https:\/\/grupolainmaculada.com\/wp-content\/uploads\/2025\/11\/FLor-cafe-700x933.png 700w, https:\/\/grupolainmaculada.com\/wp-content\/uploads\/2025\/11\/FLor-cafe-scaled.png 1920w\" sizes=\"(max-width: 600px) 100vw, 600px\" \/>\t\t\t\t\t\t\t\t\t\t\t\t\t\t\t<\/div>\n\t\t\t\t<\/div>\n\t\t<div class=\"elementor-element elementor-element-a010157 e-con-full e-flex parallax_section_no qode_elementor_container_no e-con e-child\" data-id=\"a010157\" data-element_type=\"container\" data-e-type=\"container\">\n\t\t\t\t<div class=\"elementor-element elementor-element-84c97f8 elementor-widget elementor-widget-image\" data-id=\"84c97f8\" data-element_type=\"widget\" data-e-type=\"widget\" data-widget_type=\"image.default\">\n\t\t\t\t\t\t\t\t\t\t\t\t\t\t\t<img decoding=\"async\" width=\"600\" height=\"800\" src=\"https:\/\/grupolainmaculada.com\/wp-content\/uploads\/2026\/01\/super-600x800.png\" class=\"attachment-portfolio-portrait size-portfolio-portrait wp-image-10460\" alt=\"\" \/>\t\t\t\t\t\t\t\t\t\t\t\t\t\t\t<\/div>\n\t\t\t\t<\/div>\n\t\t<div class=\"elementor-element elementor-element-b8bcbb4 e-con-full e-flex parallax_section_no qode_elementor_container_no e-con e-child\" data-id=\"b8bcbb4\" data-element_type=\"container\" data-e-type=\"container\">\n\t\t\t\t<div class=\"elementor-element elementor-element-2b4245a elementor-widget elementor-widget-image\" data-id=\"2b4245a\" data-element_type=\"widget\" data-e-type=\"widget\" data-widget_type=\"image.default\">\n\t\t\t\t\t\t\t\t\t\t\t\t\t\t\t<img loading=\"lazy\" decoding=\"async\" width=\"600\" height=\"800\" src=\"https:\/\/grupolainmaculada.com\/wp-content\/uploads\/2026\/01\/consultorio-fondo-1-02-01-600x800.jpg\" class=\"attachment-portfolio-portrait size-portfolio-portrait wp-image-10506\" alt=\"\" \/>\t\t\t\t\t\t\t\t\t\t\t\t\t\t\t<\/div>\n\t\t\t\t<\/div>\n\t\t\t\t\t<\/div>\n\t\t\t\t<\/div>\n\t\t\t\t<section class=\"elementor-section elementor-top-section elementor-element elementor-element-77d61d2 elementor-section-full_width elementor-reverse-tablet elementor-reverse-mobile elementor-section-stretched elementor-section-height-default elementor-section-height-default parallax_section_no qode_elementor_container_no\" data-id=\"77d61d2\" data-element_type=\"section\" data-e-type=\"section\" data-settings=\"{&quot;background_background&quot;:&quot;classic&quot;,&quot;stretch_section&quot;:&quot;section-stretched&quot;}\">\n\t\t\t\t\t\t<div class=\"elementor-container elementor-column-gap-default\">\n\t\t\t\t\t<div class=\"elementor-column elementor-col-100 elementor-top-column elementor-element elementor-element-c26165e\" data-id=\"c26165e\" data-element_type=\"column\" data-e-type=\"column\">\n\t\t\t<div class=\"elementor-widget-wrap elementor-element-populated\">\n\t\t\t\t<div class=\"elementor-element elementor-element-6c60b7b qode_elementor_container_inner e-con-full e-flex parallax_section_no e-con e-parent\" data-id=\"6c60b7b\" data-element_type=\"container\" data-e-type=\"container\">\n\t\t<div class=\"elementor-element elementor-element-4afc4dc e-con-full e-flex parallax_section_no qode_elementor_container_no e-con e-child\" data-id=\"4afc4dc\" data-element_type=\"container\" data-e-type=\"container\">\n\t\t\t\t<div class=\"elementor-element elementor-element-34c9342 elementor-widget elementor-widget-bridge_icon_text\" data-id=\"34c9342\" data-element_type=\"widget\" data-e-type=\"widget\" data-widget_type=\"bridge_icon_text.default\">\n\t\t\t\t<div class=\"elementor-widget-container\">\n\t\t\t\t\t<div class='q_icon_with_title tiny circle '><div class=\"icon_holder q_icon_animation\" style=\" transition-delay: 100ms; -webkit-transition-delay: 100ms; -moz-transition-delay: 100ms; -o-transition-delay: 100ms;\"><span data-icon-type=\"circle\" data-icon-hover-color=\"#FFFFFF\" class=\"qode_iwt_icon_holder fa-stack fa-lg  \" style=\"font-size: 17px;border-color: #02010100;background-color: #AD1717\"><i class=\"qode_icon_font_awesome fa fa-flag qode_iwt_icon_element\" style=\"color: #FFFFFF\"><\/i><\/span><\/div><div class=\"icon_text_holder\" style=\"padding-left:50px;\"><div class=\"icon_text_inner\" style=\"\"><h5 class=\"icon_title\" style=\"\">MULTIFUNCIONALIDAD<\/h5><p style=''>Nos adaptamos a las necesidades de nuestros clientes y del entorno, asumiendo diferentes funciones con eficiencia y compromiso. Creemos que la versatilidad nos permite brindar un servicio integral y de calidad.<\/p><\/div><\/div><\/div>\t\t\t\t<\/div>\n\t\t\t\t<\/div>\n\t\t\t\t<\/div>\n\t\t<div class=\"elementor-element elementor-element-d87d8b4 e-con-full e-flex parallax_section_no qode_elementor_container_no e-con e-child\" data-id=\"d87d8b4\" data-element_type=\"container\" data-e-type=\"container\">\n\t\t\t\t<div class=\"elementor-element elementor-element-085729c elementor-widget elementor-widget-bridge_icon_text\" data-id=\"085729c\" data-element_type=\"widget\" data-e-type=\"widget\" data-widget_type=\"bridge_icon_text.default\">\n\t\t\t\t<div class=\"elementor-widget-container\">\n\t\t\t\t\t<div class='q_icon_with_title tiny circle '><div class=\"icon_holder q_icon_animation\" style=\" transition-delay: 100ms; -webkit-transition-delay: 100ms; -moz-transition-delay: 100ms; -o-transition-delay: 100ms;\"><span data-icon-type=\"circle\" data-icon-hover-color=\"#FFFFFF\" class=\"qode_iwt_icon_holder fa-stack fa-lg  \" style=\"font-size: 17px;border-color: #02010100;background-color: #AD1717\"><i class=\"qode_icon_font_awesome fa fa-book qode_iwt_icon_element\" style=\"color: #FFFFFF\"><\/i><\/span><\/div><div class=\"icon_text_holder\" style=\"padding-left:50px;\"><div class=\"icon_text_inner\" style=\"\"><h5 class=\"icon_title\" style=\"\">RESPETO<\/h5><p style=''>Valoramos a cada persona, sus ideas y su diversidad. Promovemos un ambiente de empat\u00eda, cortes\u00eda y equidad, donde todos se sientan escuchados y valorados.<\/p><\/div><\/div><\/div>\t\t\t\t<\/div>\n\t\t\t\t<\/div>\n\t\t\t\t<\/div>\n\t\t<div class=\"elementor-element elementor-element-fc95a65 e-con-full e-flex parallax_section_no qode_elementor_container_no e-con e-child\" data-id=\"fc95a65\" data-element_type=\"container\" data-e-type=\"container\">\n\t\t\t\t<div class=\"elementor-element elementor-element-a99bbeb elementor-widget elementor-widget-bridge_icon_text\" data-id=\"a99bbeb\" data-element_type=\"widget\" data-e-type=\"widget\" data-widget_type=\"bridge_icon_text.default\">\n\t\t\t\t<div class=\"elementor-widget-container\">\n\t\t\t\t\t<div class='q_icon_with_title tiny circle '><div class=\"icon_holder q_icon_animation\" style=\" transition-delay: 100ms; -webkit-transition-delay: 100ms; -moz-transition-delay: 100ms; -o-transition-delay: 100ms;\"><span data-icon-type=\"circle\" data-icon-hover-color=\"#FFFFFF\" class=\"qode_iwt_icon_holder fa-stack fa-lg  \" style=\"font-size: 17px;border-color: #02010100;background-color: #AD1717\"><i class=\"qode_icon_font_awesome fa fa-book qode_iwt_icon_element\" style=\"color: #FFFFFF\"><\/i><\/span><\/div><div class=\"icon_text_holder\" style=\"padding-left:50px;\"><div class=\"icon_text_inner\" style=\"\"><h5 class=\"icon_title\" style=\"\">HONESTIDAD<\/h5><p style=''>Actuamos con integridad en todo momento. Nuestras decisiones y acciones reflejan coherencia, \u00e9tica y compromiso con la verdad.<\/p><\/div><\/div><\/div>\t\t\t\t<\/div>\n\t\t\t\t<\/div>\n\t\t\t\t<\/div>\n\t\t\t\t<\/div>\n\t\t\t\t<section class=\"elementor-section elementor-inner-section elementor-element elementor-element-900a318 elementor-section-full_width qode_elementor_container_inner elementor-section-height-default elementor-section-height-default parallax_section_no\" data-id=\"900a318\" data-element_type=\"section\" data-e-type=\"section\">\n\t\t\t\t\t\t<div class=\"elementor-container elementor-column-gap-default\">\n\t\t\t\t\t<div class=\"elementor-column elementor-col-33 elementor-inner-column elementor-element elementor-element-19406a4\" data-id=\"19406a4\" data-element_type=\"column\" data-e-type=\"column\">\n\t\t\t<div class=\"elementor-widget-wrap elementor-element-populated\">\n\t\t\t\t\t\t<div class=\"elementor-element elementor-element-ab15b24 elementor-widget elementor-widget-bridge_icon_text\" data-id=\"ab15b24\" data-element_type=\"widget\" data-e-type=\"widget\" data-widget_type=\"bridge_icon_text.default\">\n\t\t\t\t<div class=\"elementor-widget-container\">\n\t\t\t\t\t<div class='q_icon_with_title tiny circle '><div class=\"icon_holder q_icon_animation\" style=\" transition-delay: 100ms; -webkit-transition-delay: 100ms; -moz-transition-delay: 100ms; -o-transition-delay: 100ms;\"><span data-icon-type=\"circle\" data-icon-hover-color=\"#FFFFFF\" class=\"qode_iwt_icon_holder fa-stack fa-lg  \" style=\"font-size: 17px;border-color: #02010100;background-color: #AD1717\"><i class=\"qode_icon_font_awesome fa fa-hdd-o qode_iwt_icon_element\" style=\"color: #FFFFFF\"><\/i><\/span><\/div><div class=\"icon_text_holder\" style=\"padding-left:50px;\"><div class=\"icon_text_inner\" style=\"\"><h5 class=\"icon_title\" style=\"\">TRABAJO EN EQUIPO<\/h5><p style=''>Sabemos que los mejores resultados se logran juntos. Fomentamos la colaboraci\u00f3n, el apoyo mutuo y la comunicaci\u00f3n constante para alcanzar nuestros objetivos comunes.<\/p><\/div><\/div><\/div>\t\t\t\t<\/div>\n\t\t\t\t<\/div>\n\t\t\t\t\t<\/div>\n\t\t<\/div>\n\t\t\t\t<div class=\"elementor-column elementor-col-33 elementor-inner-column elementor-element elementor-element-ef76a2b\" data-id=\"ef76a2b\" data-element_type=\"column\" data-e-type=\"column\">\n\t\t\t<div class=\"elementor-widget-wrap elementor-element-populated\">\n\t\t\t\t\t\t<div class=\"elementor-element elementor-element-cbaa551 elementor-widget elementor-widget-bridge_icon_text\" data-id=\"cbaa551\" data-element_type=\"widget\" data-e-type=\"widget\" data-widget_type=\"bridge_icon_text.default\">\n\t\t\t\t<div class=\"elementor-widget-container\">\n\t\t\t\t\t<div class='q_icon_with_title tiny circle '><div class=\"icon_holder q_icon_animation\" style=\" transition-delay: 100ms; -webkit-transition-delay: 100ms; -moz-transition-delay: 100ms; -o-transition-delay: 100ms;\"><span data-icon-type=\"circle\" data-icon-hover-color=\"#FFFFFF\" class=\"qode_iwt_icon_holder fa-stack fa-lg  \" style=\"font-size: 17px;border-color: #02010100;background-color: #AD1717\"><i class=\"qode_icon_font_awesome fa fa-pencil qode_iwt_icon_element\" style=\"color: #FFFFFF\"><\/i><\/span><\/div><div class=\"icon_text_holder\" style=\"padding-left:50px;\"><div class=\"icon_text_inner\" style=\"\"><h5 class=\"icon_title\" style=\"\">SOSTENIBILIDAD<\/h5><p style=''>Actuamos con responsabilidad social y ambiental, buscando siempre el equilibrio entre el crecimiento de la empresa y el bienestar de nuestra comunidad y entorno.<\/p><\/div><\/div><\/div>\t\t\t\t<\/div>\n\t\t\t\t<\/div>\n\t\t\t\t\t<\/div>\n\t\t<\/div>\n\t\t\t\t<div class=\"elementor-column elementor-col-33 elementor-inner-column elementor-element elementor-element-8a27955\" data-id=\"8a27955\" data-element_type=\"column\" data-e-type=\"column\">\n\t\t\t<div class=\"elementor-widget-wrap elementor-element-populated\">\n\t\t\t\t\t\t<div class=\"elementor-element elementor-element-2325ecc elementor-widget elementor-widget-bridge_icon_text\" data-id=\"2325ecc\" data-element_type=\"widget\" data-e-type=\"widget\" data-widget_type=\"bridge_icon_text.default\">\n\t\t\t\t<div class=\"elementor-widget-container\">\n\t\t\t\t\t<div class='q_icon_with_title tiny circle '><div class=\"icon_holder q_icon_animation\" style=\" transition-delay: 100ms; -webkit-transition-delay: 100ms; -moz-transition-delay: 100ms; -o-transition-delay: 100ms;\"><span data-icon-type=\"circle\" data-icon-hover-color=\"#FFFFFF\" class=\"qode_iwt_icon_holder fa-stack fa-lg  \" style=\"font-size: 17px;border-color: #02010100;background-color: #AD1717\"><i class=\"qode_icon_font_awesome fa fa-trophy qode_iwt_icon_element\" style=\"color: #FFFFFF\"><\/i><\/span><\/div><div class=\"icon_text_holder\" style=\"padding-left:50px;\"><div class=\"icon_text_inner\" style=\"\"><h5 class=\"icon_title\" style=\"\">SERVICIO<\/h5><p style=''>Nuestra vocaci\u00f3n es servir. Cada acci\u00f3n que realizamos est\u00e1 orientada a cuidar la salud y el bienestar de nuestros clientes, brindando atenci\u00f3n personalizada y humana.<\/p><\/div><\/div><\/div>\t\t\t\t<\/div>\n\t\t\t\t<\/div>\n\t\t\t\t\t<\/div>\n\t\t<\/div>\n\t\t\t\t\t<\/div>\n\t\t<\/section>\n\t\t\t\t\t<\/div>\n\t\t<\/div>\n\t\t\t\t\t<\/div>\n\t\t<\/section>\n\t\t\t\t<\/div>\n\t\t","protected":false},"excerpt":{"rendered":"<p>NUESTRO PROP\u00d3SITO Servimos con gratitud, brindamos experiencias genuinas a trav\u00e9s de nuestros colaboradores, reflejando con orgullo la identidad que nos une con nuestra comunidad. MULTIFUNCIONALIDAD Nos adaptamos a las necesidades de nuestros clientes y del entorno, asumiendo diferentes funciones con eficiencia y compromiso. Creemos que&#8230;<\/p>\n","protected":false},"author":1,"featured_media":0,"parent":0,"menu_order":0,"comment_status":"closed","ping_status":"closed","template":"full_width.php","meta":{"_acf_changed":false,"content-type":"","footnotes":""},"class_list":["post-8815","page","type-page","status-publish","hentry"],"acf":[],"_links":{"self":[{"href":"https:\/\/grupolainmaculada.com\/index.php\/wp-json\/wp\/v2\/pages\/8815","targetHints":{"allow":["GET"]}}],"collection":[{"href":"https:\/\/grupolainmaculada.com\/index.php\/wp-json\/wp\/v2\/pages"}],"about":[{"href":"https:\/\/grupolainmaculada.com\/index.php\/wp-json\/wp\/v2\/types\/page"}],"author":[{"embeddable":true,"href":"https:\/\/grupolainmaculada.com\/index.php\/wp-json\/wp\/v2\/users\/1"}],"replies":[{"embeddable":true,"href":"https:\/\/grupolainmaculada.com\/index.php\/wp-json\/wp\/v2\/comments?post=8815"}],"version-history":[{"count":20,"href":"https:\/\/grupolainmaculada.com\/index.php\/wp-json\/wp\/v2\/pages\/8815\/revisions"}],"predecessor-version":[{"id":10509,"href":"https:\/\/grupolainmaculada.com\/index.php\/wp-json\/wp\/v2\/pages\/8815\/revisions\/10509"}],"wp:attachment":[{"href":"https:\/\/grupolainmaculada.com\/index.php\/wp-json\/wp\/v2\/media?parent=8815"}],"curies":[{"name":"wp","href":"https:\/\/api.w.org\/{rel}","templated":true}]}}