{"id":10385,"date":"2026-01-09T23:27:51","date_gmt":"2026-01-09T23:27:51","guid":{"rendered":"https:\/\/grupolainmaculada.com\/?page_id=10385"},"modified":"2026-03-26T17:34:28","modified_gmt":"2026-03-26T17:34:28","slug":"responsabilidad-social","status":"publish","type":"page","link":"https:\/\/grupolainmaculada.com\/index.php\/responsabilidad-social\/","title":{"rendered":"Responsabilidad Social"},"content":{"rendered":"\t\t<div data-elementor-type=\"wp-page\" data-elementor-id=\"10385\" class=\"elementor elementor-10385\">\n\t\t\t\t<div class=\"elementor-element elementor-element-e504b0d e-flex e-con-boxed parallax_section_no qode_elementor_container_no e-con e-parent\" data-id=\"e504b0d\" data-element_type=\"container\" data-e-type=\"container\">\n\t\t\t\t\t<div class=\"e-con-inner\">\n\t\t\t\t<div class=\"elementor-element elementor-element-4a8c81b elementor-widget elementor-widget-heading\" data-id=\"4a8c81b\" data-element_type=\"widget\" data-e-type=\"widget\" data-widget_type=\"heading.default\">\n\t\t\t\t\t<h2 class=\"elementor-heading-title elementor-size-default\">Responsabilidad social que construye futuro<\/h2>\t\t\t\t<\/div>\n\t\t\t\t<div class=\"elementor-element elementor-element-7cbd2f1 elementor-widget elementor-widget-text-editor\" data-id=\"7cbd2f1\" data-element_type=\"widget\" data-e-type=\"widget\" data-widget_type=\"text-editor.default\">\n\t\t\t\t\t\t\t\t\t<p data-start=\"172\" data-end=\"444\">En La Inmaculada, nuestro compromiso va m\u00e1s all\u00e1 de la generaci\u00f3n de empleo en todo el departamento de San Mart\u00edn a trav\u00e9s de nuestra actividad econ\u00f3mica. Creemos firmemente que el desarrollo empresarial debe ir de la mano con el desarrollo social de nuestras comunidades.<\/p><p data-start=\"446\" data-end=\"786\">Estamos convencidos de que la educaci\u00f3n es un pilar fundamental para la formaci\u00f3n personal y profesional de las futuras generaciones, as\u00ed como para el fortalecimiento de la fuerza laboral del ma\u00f1ana. Por ello, promovemos y apoyamos iniciativas que contribuyan a mejorar las condiciones educativas y de seguridad en los centros de ense\u00f1anza.<\/p><p data-start=\"788\" data-end=\"1271\">En l\u00ednea con este prop\u00f3sito, realizamos la donaci\u00f3n de materiales para la construcci\u00f3n del cerco perim\u00e9trico de la I.E. N.\u00b0 0705 \u201cJuanita del Carmen S\u00e1nchez Rojas\u201d, ubicada en el Jr. Capirona N.\u00b0 306, barrio Partido Alto, en la ciudad de Tarapoto. Esta acci\u00f3n fue posible gracias al trabajo conjunto entre La Inmaculada y los padres de familia de la instituci\u00f3n, evidenciando que la colaboraci\u00f3n entre la empresa y la comunidad es clave para generar un impacto positivo y sostenible.<\/p><p data-start=\"1273\" data-end=\"1475\">Con iniciativas como esta, reafirmamos nuestro compromiso con la educaci\u00f3n, la seguridad escolar y el desarrollo del departamento de San Mart\u00edn, apostando por un futuro con m\u00e1s oportunidades para todos.<\/p>\t\t\t\t\t\t\t\t<\/div>\n\t\t\t\t\t<\/div>\n\t\t\t\t<\/div>\n\t\t<div class=\"elementor-element elementor-element-0fcfb57 e-flex e-con-boxed parallax_section_no qode_elementor_container_no e-con e-parent\" data-id=\"0fcfb57\" data-element_type=\"container\" data-e-type=\"container\">\n\t\t\t\t\t<div class=\"e-con-inner\">\n\t\t<div class=\"elementor-element elementor-element-130e21b e-con-full e-flex parallax_section_no qode_elementor_container_no e-con e-child\" data-id=\"130e21b\" data-element_type=\"container\" data-e-type=\"container\">\n\t\t\t\t<div class=\"elementor-element elementor-element-91d8786 elementor-widget elementor-widget-image\" data-id=\"91d8786\" data-element_type=\"widget\" data-e-type=\"widget\" data-widget_type=\"image.default\">\n\t\t\t\t\t\t\t\t\t\t\t\t\t\t\t<img fetchpriority=\"high\" decoding=\"async\" width=\"1024\" height=\"1024\" src=\"https:\/\/grupolainmaculada.com\/wp-content\/uploads\/2026\/02\/CAMPANA-MEDICA2_Mesa-de-trabajo-1-01_Mesa-de-trabajo-1-02_Mesa-de-trabajo-1-01_Mesa-de-trabajo-1-01-1024x1024.png\" class=\"attachment-large size-large wp-image-10604\" alt=\"\" srcset=\"https:\/\/grupolainmaculada.com\/wp-content\/uploads\/2026\/02\/CAMPANA-MEDICA2_Mesa-de-trabajo-1-01_Mesa-de-trabajo-1-02_Mesa-de-trabajo-1-01_Mesa-de-trabajo-1-01-1024x1024.png 1024w, https:\/\/grupolainmaculada.com\/wp-content\/uploads\/2026\/02\/CAMPANA-MEDICA2_Mesa-de-trabajo-1-01_Mesa-de-trabajo-1-02_Mesa-de-trabajo-1-01_Mesa-de-trabajo-1-01-300x300.png 300w, https:\/\/grupolainmaculada.com\/wp-content\/uploads\/2026\/02\/CAMPANA-MEDICA2_Mesa-de-trabajo-1-01_Mesa-de-trabajo-1-02_Mesa-de-trabajo-1-01_Mesa-de-trabajo-1-01-150x150.png 150w, https:\/\/grupolainmaculada.com\/wp-content\/uploads\/2026\/02\/CAMPANA-MEDICA2_Mesa-de-trabajo-1-01_Mesa-de-trabajo-1-02_Mesa-de-trabajo-1-01_Mesa-de-trabajo-1-01-768x768.png 768w, https:\/\/grupolainmaculada.com\/wp-content\/uploads\/2026\/02\/CAMPANA-MEDICA2_Mesa-de-trabajo-1-01_Mesa-de-trabajo-1-02_Mesa-de-trabajo-1-01_Mesa-de-trabajo-1-01-570x570.png 570w, https:\/\/grupolainmaculada.com\/wp-content\/uploads\/2026\/02\/CAMPANA-MEDICA2_Mesa-de-trabajo-1-01_Mesa-de-trabajo-1-02_Mesa-de-trabajo-1-01_Mesa-de-trabajo-1-01-500x500.png 500w, https:\/\/grupolainmaculada.com\/wp-content\/uploads\/2026\/02\/CAMPANA-MEDICA2_Mesa-de-trabajo-1-01_Mesa-de-trabajo-1-02_Mesa-de-trabajo-1-01_Mesa-de-trabajo-1-01-1000x1000.png 1000w, https:\/\/grupolainmaculada.com\/wp-content\/uploads\/2026\/02\/CAMPANA-MEDICA2_Mesa-de-trabajo-1-01_Mesa-de-trabajo-1-02_Mesa-de-trabajo-1-01_Mesa-de-trabajo-1-01-700x700.png 700w, https:\/\/grupolainmaculada.com\/wp-content\/uploads\/2026\/02\/CAMPANA-MEDICA2_Mesa-de-trabajo-1-01_Mesa-de-trabajo-1-02_Mesa-de-trabajo-1-01_Mesa-de-trabajo-1-01-650x650.png 650w, https:\/\/grupolainmaculada.com\/wp-content\/uploads\/2026\/02\/CAMPANA-MEDICA2_Mesa-de-trabajo-1-01_Mesa-de-trabajo-1-02_Mesa-de-trabajo-1-01_Mesa-de-trabajo-1-01.png 1080w\" sizes=\"(max-width: 1024px) 100vw, 1024px\" \/>\t\t\t\t\t\t\t\t\t\t\t\t\t\t\t<\/div>\n\t\t\t\t<\/div>\n\t\t<div class=\"elementor-element elementor-element-ad62c16 e-con-full e-flex parallax_section_no qode_elementor_container_no e-con e-child\" data-id=\"ad62c16\" data-element_type=\"container\" data-e-type=\"container\">\n\t\t\t\t<div class=\"elementor-element elementor-element-33bfc43 elementor-widget elementor-widget-image\" data-id=\"33bfc43\" data-element_type=\"widget\" data-e-type=\"widget\" data-widget_type=\"image.default\">\n\t\t\t\t\t\t\t\t\t\t\t\t\t\t\t<img decoding=\"async\" width=\"1024\" height=\"1024\" src=\"https:\/\/grupolainmaculada.com\/wp-content\/uploads\/2026\/02\/CAMPANA-MEDICA2_Mesa-de-trabajo-1-01_Mesa-de-trabajo-1-02_Mesa-de-trabajo-1-01_Mesa-de-trabajo-1-02-1024x1024.png\" class=\"attachment-large size-large wp-image-10605\" alt=\"\" srcset=\"https:\/\/grupolainmaculada.com\/wp-content\/uploads\/2026\/02\/CAMPANA-MEDICA2_Mesa-de-trabajo-1-01_Mesa-de-trabajo-1-02_Mesa-de-trabajo-1-01_Mesa-de-trabajo-1-02-1024x1024.png 1024w, https:\/\/grupolainmaculada.com\/wp-content\/uploads\/2026\/02\/CAMPANA-MEDICA2_Mesa-de-trabajo-1-01_Mesa-de-trabajo-1-02_Mesa-de-trabajo-1-01_Mesa-de-trabajo-1-02-300x300.png 300w, https:\/\/grupolainmaculada.com\/wp-content\/uploads\/2026\/02\/CAMPANA-MEDICA2_Mesa-de-trabajo-1-01_Mesa-de-trabajo-1-02_Mesa-de-trabajo-1-01_Mesa-de-trabajo-1-02-150x150.png 150w, https:\/\/grupolainmaculada.com\/wp-content\/uploads\/2026\/02\/CAMPANA-MEDICA2_Mesa-de-trabajo-1-01_Mesa-de-trabajo-1-02_Mesa-de-trabajo-1-01_Mesa-de-trabajo-1-02-768x768.png 768w, https:\/\/grupolainmaculada.com\/wp-content\/uploads\/2026\/02\/CAMPANA-MEDICA2_Mesa-de-trabajo-1-01_Mesa-de-trabajo-1-02_Mesa-de-trabajo-1-01_Mesa-de-trabajo-1-02-570x570.png 570w, https:\/\/grupolainmaculada.com\/wp-content\/uploads\/2026\/02\/CAMPANA-MEDICA2_Mesa-de-trabajo-1-01_Mesa-de-trabajo-1-02_Mesa-de-trabajo-1-01_Mesa-de-trabajo-1-02-500x500.png 500w, https:\/\/grupolainmaculada.com\/wp-content\/uploads\/2026\/02\/CAMPANA-MEDICA2_Mesa-de-trabajo-1-01_Mesa-de-trabajo-1-02_Mesa-de-trabajo-1-01_Mesa-de-trabajo-1-02-1000x1000.png 1000w, https:\/\/grupolainmaculada.com\/wp-content\/uploads\/2026\/02\/CAMPANA-MEDICA2_Mesa-de-trabajo-1-01_Mesa-de-trabajo-1-02_Mesa-de-trabajo-1-01_Mesa-de-trabajo-1-02-700x700.png 700w, https:\/\/grupolainmaculada.com\/wp-content\/uploads\/2026\/02\/CAMPANA-MEDICA2_Mesa-de-trabajo-1-01_Mesa-de-trabajo-1-02_Mesa-de-trabajo-1-01_Mesa-de-trabajo-1-02-650x650.png 650w, https:\/\/grupolainmaculada.com\/wp-content\/uploads\/2026\/02\/CAMPANA-MEDICA2_Mesa-de-trabajo-1-01_Mesa-de-trabajo-1-02_Mesa-de-trabajo-1-01_Mesa-de-trabajo-1-02.png 1080w\" sizes=\"(max-width: 1024px) 100vw, 1024px\" \/>\t\t\t\t\t\t\t\t\t\t\t\t\t\t\t<\/div>\n\t\t\t\t<\/div>\n\t\t\t\t\t<\/div>\n\t\t\t\t<\/div>\n\t\t\t\t<\/div>\n\t\t","protected":false},"excerpt":{"rendered":"<p>Responsabilidad social que construye futuro En La Inmaculada, nuestro compromiso va m\u00e1s all\u00e1 de la generaci\u00f3n de empleo en todo el departamento de San Mart\u00edn a trav\u00e9s de nuestra actividad econ\u00f3mica. Creemos firmemente que el desarrollo empresarial debe ir de la mano con el desarrollo&#8230;<\/p>\n","protected":false},"author":1,"featured_media":0,"parent":0,"menu_order":0,"comment_status":"closed","ping_status":"closed","template":"","meta":{"_acf_changed":false,"content-type":"","footnotes":""},"class_list":["post-10385","page","type-page","status-publish","hentry"],"acf":[],"_links":{"self":[{"href":"https:\/\/grupolainmaculada.com\/index.php\/wp-json\/wp\/v2\/pages\/10385","targetHints":{"allow":["GET"]}}],"collection":[{"href":"https:\/\/grupolainmaculada.com\/index.php\/wp-json\/wp\/v2\/pages"}],"about":[{"href":"https:\/\/grupolainmaculada.com\/index.php\/wp-json\/wp\/v2\/types\/page"}],"author":[{"embeddable":true,"href":"https:\/\/grupolainmaculada.com\/index.php\/wp-json\/wp\/v2\/users\/1"}],"replies":[{"embeddable":true,"href":"https:\/\/grupolainmaculada.com\/index.php\/wp-json\/wp\/v2\/comments?post=10385"}],"version-history":[{"count":10,"href":"https:\/\/grupolainmaculada.com\/index.php\/wp-json\/wp\/v2\/pages\/10385\/revisions"}],"predecessor-version":[{"id":10609,"href":"https:\/\/grupolainmaculada.com\/index.php\/wp-json\/wp\/v2\/pages\/10385\/revisions\/10609"}],"wp:attachment":[{"href":"https:\/\/grupolainmaculada.com\/index.php\/wp-json\/wp\/v2\/media?parent=10385"}],"curies":[{"name":"wp","href":"https:\/\/api.w.org\/{rel}","templated":true}]}}