{"id":10361,"date":"2026-01-08T22:02:37","date_gmt":"2026-01-08T22:02:37","guid":{"rendered":"https:\/\/grupolainmaculada.com\/?page_id=10361"},"modified":"2026-01-14T21:07:37","modified_gmt":"2026-01-14T21:07:37","slug":"libro-de-reclamaciones","status":"publish","type":"page","link":"https:\/\/grupolainmaculada.com\/index.php\/libro-de-reclamaciones\/","title":{"rendered":"Libro de Reclamaciones"},"content":{"rendered":"\n<div class=\"wpcf7 no-js\" id=\"wpcf7-f10351-o1\" lang=\"es-PE\" dir=\"ltr\" data-wpcf7-id=\"10351\">\n<div class=\"screen-reader-response\"><p role=\"status\" aria-live=\"polite\" aria-atomic=\"true\"><\/p> <ul><\/ul><\/div>\n<form action=\"\/index.php\/wp-json\/wp\/v2\/pages\/10361#wpcf7-f10351-o1\" method=\"post\" class=\"wpcf7-form init\" aria-label=\"Contact form\" novalidate=\"novalidate\" data-status=\"init\">\n<fieldset class=\"hidden-fields-container\"><input type=\"hidden\" name=\"_wpcf7\" value=\"10351\" \/><input type=\"hidden\" name=\"_wpcf7_version\" value=\"6.1.5\" \/><input type=\"hidden\" name=\"_wpcf7_locale\" value=\"es_PE\" \/><input type=\"hidden\" name=\"_wpcf7_unit_tag\" value=\"wpcf7-f10351-o1\" \/><input type=\"hidden\" name=\"_wpcf7_container_post\" value=\"0\" \/><input type=\"hidden\" name=\"_wpcf7_posted_data_hash\" value=\"\" \/>\n<\/fieldset>\n<input class=\"wpcf7-form-control wpcf7-hidden\" id=\"numero_reclamo\" value=\"\" type=\"hidden\" name=\"numero_reclamo\" \/>\n\n<input class=\"wpcf7-form-control wpcf7-hidden\" id=\"fecha_hora\" value=\"\" type=\"hidden\" name=\"fecha_hora\" \/>\n\n<label> Nombres y Apellidos\n<span class=\"wpcf7-form-control-wrap\" data-name=\"nombres\"><input size=\"40\" maxlength=\"400\" class=\"wpcf7-form-control wpcf7-text wpcf7-validates-as-required\" aria-required=\"true\" aria-invalid=\"false\" value=\"\" type=\"text\" name=\"nombres\" \/><\/span> <\/label>\n\n<label> DNI \/ CE\n<span class=\"wpcf7-form-control-wrap\" data-name=\"documento\"><input size=\"40\" maxlength=\"400\" class=\"wpcf7-form-control wpcf7-text wpcf7-validates-as-required\" aria-required=\"true\" aria-invalid=\"false\" value=\"\" type=\"text\" name=\"documento\" \/><\/span> <\/label>\n\n<label> Correo electr\u00f3nico\n<span class=\"wpcf7-form-control-wrap\" data-name=\"email\"><input size=\"40\" maxlength=\"400\" class=\"wpcf7-form-control wpcf7-email wpcf7-validates-as-required wpcf7-text wpcf7-validates-as-email\" aria-required=\"true\" aria-invalid=\"false\" value=\"\" type=\"email\" name=\"email\" \/><\/span> <\/label>\n\n<label> Tel\u00e9fono\n<span class=\"wpcf7-form-control-wrap\" data-name=\"telefono\"><input size=\"40\" maxlength=\"400\" class=\"wpcf7-form-control wpcf7-tel wpcf7-validates-as-required wpcf7-text wpcf7-validates-as-tel\" aria-required=\"true\" aria-invalid=\"false\" value=\"\" type=\"tel\" name=\"telefono\" \/><\/span> <\/label>\n\n<label> Direcci\u00f3n\n<span class=\"wpcf7-form-control-wrap\" data-name=\"direccion\"><input size=\"40\" maxlength=\"400\" class=\"wpcf7-form-control wpcf7-text wpcf7-validates-as-required\" aria-required=\"true\" aria-invalid=\"false\" value=\"\" type=\"text\" name=\"direccion\" \/><\/span> <\/label>\n\n<label> Empresa\n<span class=\"wpcf7-form-control-wrap\" data-name=\"empresa\"><select class=\"wpcf7-form-control wpcf7-select wpcf7-validates-as-required\" aria-required=\"true\" aria-invalid=\"false\" name=\"empresa\"><option value=\"\">Seleccione una Empresa<\/option><option value=\"BOTICA\">BOTICA<\/option><option value=\"SUPERMERCADOS\">SUPERMERCADOS<\/option><option value=\"CONSULTORIO MEDICO\">CONSULTORIO MEDICO<\/option><option value=\"LIBRERIA\">LIBRERIA<\/option><\/select><\/span>\n<\/label>\n\n<label> Sucursal\n<input class=\"wpcf7-form-control wpcf7-hidden\" value=\"\" type=\"hidden\" name=\"sucursal\" \/>\n<select id=\"sucursal_ui\" class=\"wpcf7-form-control wpcf7-select\">\n  <option value=\"\">Seleccione una Sucursal<\/option>\n<\/select>\n<\/label>\n\n<div style=\"height:18px;\"><\/div>\n\n<label> Tipo de producto contratado<\/label>\n<div class=\"lr-radio-inline\">\n<span class=\"wpcf7-form-control-wrap\" data-name=\"tipo_producto\"><span class=\"wpcf7-form-control wpcf7-radio\"><span class=\"wpcf7-list-item first\"><label><input type=\"radio\" name=\"tipo_producto\" value=\"PRODUCTO\" \/><span class=\"wpcf7-list-item-label\">PRODUCTO<\/span><\/label><\/span><span class=\"wpcf7-list-item last\"><label><input type=\"radio\" name=\"tipo_producto\" value=\"SERVICIO\" \/><span class=\"wpcf7-list-item-label\">SERVICIO<\/span><\/label><\/span><\/span><\/span>\n<\/div>\n\n<div style=\"height:18px;\"><\/div>\n\n<label> Detalle de producto o Servicio\n<span class=\"wpcf7-form-control-wrap\" data-name=\"detalle_producto_servicio\"><input size=\"40\" maxlength=\"400\" class=\"wpcf7-form-control wpcf7-text wpcf7-validates-as-required\" aria-required=\"true\" aria-invalid=\"false\" placeholder=\"Ej: Medicamento X \/ Compra en caja \/ Atenci\u00f3n en consultorio \/ etc.\" value=\"\" type=\"text\" name=\"detalle_producto_servicio\" \/><\/span>\n<\/label>\n\n<div style=\"height:18px;\"><\/div>\n\n<label> Tipo\n<span class=\"wpcf7-form-control-wrap\" data-name=\"tipo\"><select class=\"wpcf7-form-control wpcf7-select wpcf7-validates-as-required\" aria-required=\"true\" aria-invalid=\"false\" name=\"tipo\"><option value=\"\">Seleccione una Opci\u00f3n<\/option><option value=\"RECLAMO\">RECLAMO<\/option><option value=\"QUEJA\">QUEJA<\/option><\/select><\/span>\n<\/label>\n\n<label> Detalle del reclamo o queja\n<span class=\"wpcf7-form-control-wrap\" data-name=\"detalle\"><textarea cols=\"40\" rows=\"10\" maxlength=\"2000\" class=\"wpcf7-form-control wpcf7-textarea wpcf7-validates-as-required\" aria-required=\"true\" aria-invalid=\"false\" name=\"detalle\"><\/textarea><\/span> <\/label>\n\n<span class=\"wpcf7-form-control-wrap\" data-name=\"Acepto\"><span class=\"wpcf7-form-control wpcf7-acceptance\"><span class=\"wpcf7-list-item\"><label><input type=\"checkbox\" name=\"Acepto\" value=\"1\" aria-invalid=\"false\" \/><span class=\"wpcf7-list-item-label\">He le\u00eddo y acepto la <a href=\"https:\/\/grupolainmaculada.com\/politica-de-privacidad\/\" target=\"_blank\">pol\u00edtica de privacidad<\/a>.<\/span><\/label><\/span><\/span><\/span>\n\n\n<input class=\"wpcf7-form-control wpcf7-submit has-spinner lr-submit\" type=\"submit\" value=\"ENVIAR RECLAMO\" \/><div class=\"wpcf7-response-output\" aria-hidden=\"true\"><\/div>\n<\/form>\n<\/div>\n\n","protected":false},"excerpt":{"rendered":"Nombres y Apellidos DNI \/ CE Correo electr\u00f3nico Tel\u00e9fono Direcci\u00f3n Empresa Seleccione una EmpresaBOTICASUPERMERCADOSCONSULTORIO MEDICOLIBRERIA Sucursal Seleccione una Sucursal Tipo de producto contratado PRODUCTOSERVICIO Detalle de producto o Servicio Tipo Seleccione una Opci\u00f3nRECLAMOQUEJA Detalle del reclamo o queja He le\u00eddo y acepto la pol\u00edtica de...","protected":false},"author":1,"featured_media":0,"parent":0,"menu_order":0,"comment_status":"closed","ping_status":"closed","template":"","meta":{"_acf_changed":false,"content-type":"","footnotes":""},"class_list":["post-10361","page","type-page","status-publish","hentry"],"acf":[],"_links":{"self":[{"href":"https:\/\/grupolainmaculada.com\/index.php\/wp-json\/wp\/v2\/pages\/10361","targetHints":{"allow":["GET"]}}],"collection":[{"href":"https:\/\/grupolainmaculada.com\/index.php\/wp-json\/wp\/v2\/pages"}],"about":[{"href":"https:\/\/grupolainmaculada.com\/index.php\/wp-json\/wp\/v2\/types\/page"}],"author":[{"embeddable":true,"href":"https:\/\/grupolainmaculada.com\/index.php\/wp-json\/wp\/v2\/users\/1"}],"replies":[{"embeddable":true,"href":"https:\/\/grupolainmaculada.com\/index.php\/wp-json\/wp\/v2\/comments?post=10361"}],"version-history":[{"count":1,"href":"https:\/\/grupolainmaculada.com\/index.php\/wp-json\/wp\/v2\/pages\/10361\/revisions"}],"predecessor-version":[{"id":10362,"href":"https:\/\/grupolainmaculada.com\/index.php\/wp-json\/wp\/v2\/pages\/10361\/revisions\/10362"}],"wp:attachment":[{"href":"https:\/\/grupolainmaculada.com\/index.php\/wp-json\/wp\/v2\/media?parent=10361"}],"curies":[{"name":"wp","href":"https:\/\/api.w.org\/{rel}","templated":true}]}}